{"id":268422,"date":"2024-10-05T00:48:24","date_gmt":"2024-10-05T00:48:24","guid":{"rendered":"https:\/\/pfkeepers.com\/produto\/ocean-nutrition-community-formula-pellets-xs-100g\/"},"modified":"2026-04-19T00:57:45","modified_gmt":"2026-04-19T00:57:45","slug":"ocean-nutrition-community-formula-pellets-xs-100g","status":"publish","type":"product","link":"https:\/\/pfkeepers.com\/english\/product\/ocean-nutrition-community-formula-pellets-xs-100g\/","title":{"rendered":"Ocean Nutrition Community Formula Pellets XS 100g"},"content":{"rendered":"<p>Cientificamente formulado com prote\u00ednas naturais seleccionados e ingredientes lip\u00eddicos. Estes gr\u00e2nulos de (+ \/ &#8211; 0,8 mil\u00edmetros) t\u00eam um elevado teor de prote\u00ednas, \u00e9 rico em potenciadores de cor naturais e vitaminas para melhorar a colora\u00e7\u00e3o e vitalidade ao impulsionar o sistema imunit\u00e1rio.<\/p>\n<p>Alimentar 1-3 vezes ao dia.<\/p>\n<p>N\u00e3o alimentar mais do que podem ser comidos em poucos minutos.<\/p>\n<p>Uma dieta completa, altamente atraente e de f\u00e1cil digest\u00e3o, especialmente projetado para todos os peixes de \u00e1gua doce tropical.<\/p>\n<p>Alimenta\u00e7\u00e3o dos peixes pode ocorrer em todos os n\u00edveis do aqu\u00e1rio como a comida vai flutuar por um curto per\u00edodo de tempo antes de afundar lentamente.<\/p>\n<p>Ideal para uso com alimentadores autom\u00e1ticos.<\/p>\n<p>O alto teor de prote\u00edna vai estimular cria\u00e7\u00e3o e garantir o crescimento regular.<\/p>\n<p>Formulado e testado por bi\u00f3logos da aquicultura.<\/p>\n<p>An\u00e1lise garantida<\/p>\n<p>Prote\u00edna 55,0%<\/p>\n<p>Fibra 1,9%<\/p>\n<p>Gordura 9,0%<\/p>\n<p>Cinza 14,5%<\/p>\n<p>H\u00famidade 8,0%<\/p>","protected":false},"excerpt":{"rendered":"<p>Cientificamente formulado com prote\u00ednas naturais seleccionados e ingredientes lip\u00eddicos. Estes gr\u00e2nulos de (+ \/ &#8211; 0,8 mil\u00edmetros) t\u00eam um elevado teor de prote\u00ednas, \u00e9 rico em potenciadores de cor naturais e vitaminas para melhorar a colora\u00e7\u00e3o e vitalidade ao impulsionar o sistema imunit\u00e1rio. Alimentar 1-3 vezes ao dia. N\u00e3o alimentar mais do que podem ser &hellip;<\/p>\n<p class=\"read-more\"> <a class=\"\" href=\"https:\/\/pfkeepers.com\/english\/product\/ocean-nutrition-community-formula-pellets-xs-100g\/\"> <span class=\"screen-reader-text\">Ocean Nutrition Community Formula Pellets XS 100g<\/span> Read More &raquo;<\/a><\/p>","protected":false},"featured_media":268423,"template":"","meta":{"site-sidebar-layout":"default","site-content-layout":"","ast-site-content-layout":"","site-content-style":"default","site-sidebar-style":"default","ast-global-header-display":"","ast-banner-title-visibility":"","ast-main-header-display":"","ast-hfb-above-header-display":"","ast-hfb-below-header-display":"","ast-hfb-mobile-header-display":"","site-post-title":"","ast-breadcrumbs-content":"","ast-featured-img":"","footer-sml-layout":"","theme-transparent-header-meta":"","adv-header-id-meta":"","stick-header-meta":"","header-above-stick-meta":"","header-main-stick-meta":"","header-below-stick-meta":"","astra-migrate-meta-layouts":""},"product_cat":[1479],"product_tag":[978],"_links":{"self":[{"href":"https:\/\/pfkeepers.com\/english\/wp-json\/wp\/v2\/product\/268422"}],"collection":[{"href":"https:\/\/pfkeepers.com\/english\/wp-json\/wp\/v2\/product"}],"about":[{"href":"https:\/\/pfkeepers.com\/english\/wp-json\/wp\/v2\/types\/product"}],"wp:featuredmedia":[{"embeddable":true,"href":"https:\/\/pfkeepers.com\/english\/wp-json\/wp\/v2\/media\/268423"}],"wp:attachment":[{"href":"https:\/\/pfkeepers.com\/english\/wp-json\/wp\/v2\/media?parent=268422"}],"wp:term":[{"taxonomy":"product_cat","embeddable":true,"href":"https:\/\/pfkeepers.com\/english\/wp-json\/wp\/v2\/product_cat?post=268422"},{"taxonomy":"product_tag","embeddable":true,"href":"https:\/\/pfkeepers.com\/english\/wp-json\/wp\/v2\/product_tag?post=268422"}],"curies":[{"name":"wp","href":"https:\/\/api.w.org\/{rel}","templated":true}]}}