{"id":248489,"date":"2024-09-25T01:13:30","date_gmt":"2024-09-25T01:13:30","guid":{"rendered":"https:\/\/pfkeepers.com\/produto\/rotala-rotundifolia-pot-package-tropica\/"},"modified":"2025-02-27T22:04:22","modified_gmt":"2025-02-27T22:04:22","slug":"rotala-rotundifolia-pot-package-tropica","status":"publish","type":"product","link":"https:\/\/pfkeepers.com\/english\/product\/rotala-rotundifolia-pot-package-tropica\/","title":{"rendered":"Rotala rotundifolia pot package Tropica"},"content":{"rendered":"<p>Planta aqu\u00e1tica viva em vaso, embalada em embalagem blister respir\u00e1vel para take-away.<\/p>\n<p>O nome latino significa &#8220;a planta com folhas redondas&#8221;. Mas isto s\u00f3 se aplica \u00e0 variedade do p\u00e2ntano, que tem folhas circulares.<\/p>\n<p>A Rotala rotundifolia do Sudeste Asi\u00e1tico tem folhas longas e finas e 15 a 30 caules longos, com 2 a 3 cm de largura, incluindo as folhas. Ao contr\u00e1rio de outras esp\u00e9cies de Rotala, \u00e9 relativamente pouco exigente, embora necessite de boa luz para produzir folhas vermelhas. Forma rebentos laterais voluntariamente, tornando-se compacta e espessa. Isto tamb\u00e9m significa que \u00e9 dif\u00edcil a luz atingir as folhas inferiores, pelo que a planta deve ser podada com frequ\u00eancia.<\/p>\n<p>Informa\u00e7\u00f5es da planta:<\/p>\n<p>Tipo: Haste<br \/>\nOrigem: \u00c1sia<br \/>\nTaxa de crescimento: M\u00e9dia<br \/>\nAltura: 15 &#8211; 30+<br \/>\nProcura de luz:<br \/>\nA procura m\u00e9dia ou m\u00e9dia de luz de uma planta de aqu\u00e1rio \u00e9 de 0,5 W\/L.<br \/>\nCO2 :<br \/>\nUma necessidade m\u00e9dia de CO2 \u00e9 de 6-14 mg\/L. Uma elevada procura de CO2 \u00e9 de aprox. 15-25 mg\/L.<\/p>","protected":false},"excerpt":{"rendered":"<p>Planta aqu\u00e1tica viva em vaso, embalada em embalagem blister respir\u00e1vel para take-away. O nome latino significa &#8220;a planta com folhas redondas&#8221;. Mas isto s\u00f3 se aplica \u00e0 variedade do p\u00e2ntano, que tem folhas circulares. A Rotala rotundifolia do Sudeste Asi\u00e1tico tem folhas longas e finas e 15 a 30 caules longos, com 2 a 3 &hellip;<\/p>\n<p class=\"read-more\"> <a class=\"\" href=\"https:\/\/pfkeepers.com\/english\/product\/rotala-rotundifolia-pot-package-tropica\/\"> <span class=\"screen-reader-text\">Rotala rotundifolia pot package Tropica<\/span> Read More &raquo;<\/a><\/p>","protected":false},"featured_media":248490,"template":"","meta":{"site-sidebar-layout":"default","site-content-layout":"","ast-site-content-layout":"","site-content-style":"default","site-sidebar-style":"default","ast-global-header-display":"","ast-banner-title-visibility":"","ast-main-header-display":"","ast-hfb-above-header-display":"","ast-hfb-below-header-display":"","ast-hfb-mobile-header-display":"","site-post-title":"","ast-breadcrumbs-content":"","ast-featured-img":"","footer-sml-layout":"","theme-transparent-header-meta":"","adv-header-id-meta":"","stick-header-meta":"","header-above-stick-meta":"","header-main-stick-meta":"","header-below-stick-meta":"","astra-migrate-meta-layouts":""},"product_cat":[1512],"product_tag":[1064],"_links":{"self":[{"href":"https:\/\/pfkeepers.com\/english\/wp-json\/wp\/v2\/product\/248489"}],"collection":[{"href":"https:\/\/pfkeepers.com\/english\/wp-json\/wp\/v2\/product"}],"about":[{"href":"https:\/\/pfkeepers.com\/english\/wp-json\/wp\/v2\/types\/product"}],"wp:featuredmedia":[{"embeddable":true,"href":"https:\/\/pfkeepers.com\/english\/wp-json\/wp\/v2\/media\/248490"}],"wp:attachment":[{"href":"https:\/\/pfkeepers.com\/english\/wp-json\/wp\/v2\/media?parent=248489"}],"wp:term":[{"taxonomy":"product_cat","embeddable":true,"href":"https:\/\/pfkeepers.com\/english\/wp-json\/wp\/v2\/product_cat?post=248489"},{"taxonomy":"product_tag","embeddable":true,"href":"https:\/\/pfkeepers.com\/english\/wp-json\/wp\/v2\/product_tag?post=248489"}],"curies":[{"name":"wp","href":"https:\/\/api.w.org\/{rel}","templated":true}]}}