{"id":236534,"date":"2024-09-19T19:51:47","date_gmt":"2024-09-19T19:51:47","guid":{"rendered":"https:\/\/pfkeepers.com\/produto\/tetraodon-nigroviridis\/"},"modified":"2026-04-18T23:45:51","modified_gmt":"2026-04-18T23:45:51","slug":"tetraodon-nigroviridis","status":"publish","type":"product","link":"https:\/\/pfkeepers.com\/english\/product\/tetraodon-nigroviridis\/","title":{"rendered":"Tetraodon nigroviridis"},"content":{"rendered":"<p>Esp\u00e9cie: Tetraodon nigroviridis<\/p>\n<p>Nome comum: Baiacu Verde Pintado, Spotted green pufferfish, Peixe-bal\u00e3o verde<\/p>\n<p>Tamanho dispon\u00edvel: 2.5-3.0 <\/p>\n<p>Tamanho m\u00e1ximo: 17 cm (Comum 12 cm)<\/p>\n<p>pH: 7.5 &#8211; 8.5<\/p>\n<p>Dureza: 10 &#8211; 20\u00ba (178-356 ppm)<\/p>\n<p>Temperatura: 24 &#8211; 28\u00baC<\/p>\n<p>Alimenta\u00e7\u00e3o: Omn\u00edvoro. Em estado selvagem come moluscos, vermes, crust\u00e1ceos e outros invertebados, enventualmente poder\u00e1 comer plantas. Em cativeiro pode n\u00e3o aceitar bem comida seca, sendo aconselh\u00e1vel alimentar com comida congelada e viva. Ocasionalmente deve-se dar carac\u00f3is, pernas de caranguejo, camar\u00f5es, de forma a manterem o dente afiado. Pode alimentar-se de plantas menos rijas.<\/p>\n<p>Comportamento: Comportamento pac\u00edfico para com os outros peixes, no entanto, devem ser escolhidas esp\u00e9cies mais robustas e activas, uma vez que estes peixes-bal\u00e3o tendem a morder as barbatanas de peixes mais lentos e podem comer peixes mais pequenos.<br \/>\nPode observar-se alguma agressividade entre os machos da mesma esp\u00e9cie ao longo que a idade avan\u00e7a.<br \/>\nPara manter mais do que um indiv\u00edduo, sugere-se uma quantidade m\u00ednima de 4 ind\u00edviduos e um layout com muitos esconderijos e espa\u00e7o. No entanto o mais seguro \u00e9 manter apenas 1.<br \/>\nPodem inchar, aumentando 2 a 3 vezes o seu tamanho, para afugentar ou assustar outros peixes.<\/p>\n<p>\u00c9 uma esp\u00e9cie exigente a n\u00edvel de condi\u00e7\u00f5es da \u00e1gua.<\/p>\n<p>Dimorfismo sexual: N\u00e3o tem. N\u00e3o se consegue distinguir macho da f\u00eamea morfologicamente. <\/p>\n<p>Reprodu\u00e7\u00e3o: Ov\u00edparo. Apenas se reproduzem em condi\u00e7\u00f5es de \u00e1gua salobra. Os ovos s\u00e3o depositados numa rocha plana e s\u00e3o guardados pelo macho. Ap\u00f3s eclodirem o macho transporta os alevins para um buraco no substrato.<\/p>\n<p>Tamanho m\u00ednimo de aqu\u00e1rio: 100L<\/p>\n<p>Origem: \u00c1sia. Encontra-se em \u00e1guas salobras em \u00e1reas costeiras quando juvenis, os adultos encontram-se mais em rios de \u00e1gua doce.<\/p>","protected":false},"excerpt":{"rendered":"<p>Esp\u00e9cie: Tetraodon nigroviridis Nome comum: Baiacu Verde Pintado, Spotted green pufferfish, Peixe-bal\u00e3o verde Tamanho dispon\u00edvel: 2.5-3.0 Tamanho m\u00e1ximo: 17 cm (Comum 12 cm) pH: 7.5 &#8211; 8.5 Dureza: 10 &#8211; 20\u00ba (178-356 ppm) Temperatura: 24 &#8211; 28\u00baC Alimenta\u00e7\u00e3o: Omn\u00edvoro. Em estado selvagem come moluscos, vermes, crust\u00e1ceos e outros invertebados, enventualmente poder\u00e1 comer plantas. Em cativeiro &hellip;<\/p>\n<p class=\"read-more\"> <a class=\"\" href=\"https:\/\/pfkeepers.com\/english\/product\/tetraodon-nigroviridis\/\"> <span class=\"screen-reader-text\">Tetraodon nigroviridis<\/span> Read More &raquo;<\/a><\/p>","protected":false},"featured_media":250344,"template":"","meta":{"site-sidebar-layout":"default","site-content-layout":"","ast-site-content-layout":"default","site-content-style":"default","site-sidebar-style":"default","ast-global-header-display":"","ast-banner-title-visibility":"","ast-main-header-display":"","ast-hfb-above-header-display":"","ast-hfb-below-header-display":"","ast-hfb-mobile-header-display":"","site-post-title":"","ast-breadcrumbs-content":"","ast-featured-img":"","footer-sml-layout":"","theme-transparent-header-meta":"default","adv-header-id-meta":"","stick-header-meta":"","header-above-stick-meta":"","header-main-stick-meta":"","header-below-stick-meta":"","astra-migrate-meta-layouts":"set"},"product_cat":[1354],"product_tag":[],"_links":{"self":[{"href":"https:\/\/pfkeepers.com\/english\/wp-json\/wp\/v2\/product\/236534"}],"collection":[{"href":"https:\/\/pfkeepers.com\/english\/wp-json\/wp\/v2\/product"}],"about":[{"href":"https:\/\/pfkeepers.com\/english\/wp-json\/wp\/v2\/types\/product"}],"wp:featuredmedia":[{"embeddable":true,"href":"https:\/\/pfkeepers.com\/english\/wp-json\/wp\/v2\/media\/250344"}],"wp:attachment":[{"href":"https:\/\/pfkeepers.com\/english\/wp-json\/wp\/v2\/media?parent=236534"}],"wp:term":[{"taxonomy":"product_cat","embeddable":true,"href":"https:\/\/pfkeepers.com\/english\/wp-json\/wp\/v2\/product_cat?post=236534"},{"taxonomy":"product_tag","embeddable":true,"href":"https:\/\/pfkeepers.com\/english\/wp-json\/wp\/v2\/product_tag?post=236534"}],"curies":[{"name":"wp","href":"https:\/\/api.w.org\/{rel}","templated":true}]}}