{"id":217791,"date":"2024-08-25T03:19:02","date_gmt":"2024-08-25T03:19:02","guid":{"rendered":"https:\/\/pfkeepers.com\/produto\/anubias-barteri-mini-coin-1-2-grow-tropica\/"},"modified":"2025-02-27T22:03:26","modified_gmt":"2025-02-27T22:03:26","slug":"anubias-barteri-mini-coin-1-2-grow-tropica","status":"publish","type":"product","link":"https:\/\/pfkeepers.com\/english\/product\/anubias-barteri-mini-coin-1-2-grow-tropica\/","title":{"rendered":"Anubias barteri Mini Coin 1-2 Grow Tropica"},"content":{"rendered":"<p>Anubias &#8216;Mini Coin&#8217; \u00e9 uma variedade de Anubias barteri encontrada no viveiro de aqu\u00e1rios Tropica na Dinamarca.<\/p>\n<p>Anubias &#8216;Mini Coin&#8217; \u00e9 uma variedade de Anubias barteri descoberta na quinta da Tropica na Dinamarca. A planta est\u00e1 entre as anubias mais pequenas, cada folha menor que o tamanho de uma unha. \u00c9 t\u00e3o f\u00e1cil de crescer como as anubias normais, e assim n\u00e3o gosta de luz muito forte.<\/p>\n<p>Anubias &#8216;Mini Coin&#8217; prospera melhor agarrada a troncos e a rochas no aqu\u00e1rio. Se plantada no substrato, o caule rastejante (rizoma) n\u00e3o deve ser coberto, pois pode causar a podrid\u00e3o e morte da planta. Anubias &#8216;Mini Coin&#8217; prontamente formar\u00e1 uma densa almofada de folhas verdes pequenas, redondas e profundas. Se a planta se tornar demasiado densa, pode ser cuidadosamente dividida e as novas plantas colocadas em outros lugares do aqu\u00e1rio.<\/p>\n<p>Ideal para aqu\u00e1rios pequenos, mas tamb\u00e9m pode ser usada para detalhes em aqu\u00e1rios de maior dimens\u00e3o.<\/p>","protected":false},"excerpt":{"rendered":"<p>Anubias &#8216;Mini Coin&#8217; \u00e9 uma variedade de Anubias barteri encontrada no viveiro de aqu\u00e1rios Tropica na Dinamarca. Anubias &#8216;Mini Coin&#8217; \u00e9 uma variedade de Anubias barteri descoberta na quinta da Tropica na Dinamarca. A planta est\u00e1 entre as anubias mais pequenas, cada folha menor que o tamanho de uma unha. \u00c9 t\u00e3o f\u00e1cil de crescer &hellip;<\/p>\n<p class=\"read-more\"> <a class=\"\" href=\"https:\/\/pfkeepers.com\/english\/product\/anubias-barteri-mini-coin-1-2-grow-tropica\/\"> <span class=\"screen-reader-text\">Anubias barteri Mini Coin 1-2 Grow Tropica<\/span> Read More &raquo;<\/a><\/p>","protected":false},"featured_media":217792,"template":"","meta":{"site-sidebar-layout":"default","site-content-layout":"","ast-site-content-layout":"","site-content-style":"default","site-sidebar-style":"default","ast-global-header-display":"","ast-banner-title-visibility":"","ast-main-header-display":"","ast-hfb-above-header-display":"","ast-hfb-below-header-display":"","ast-hfb-mobile-header-display":"","site-post-title":"","ast-breadcrumbs-content":"","ast-featured-img":"","footer-sml-layout":"","theme-transparent-header-meta":"","adv-header-id-meta":"","stick-header-meta":"","header-above-stick-meta":"","header-main-stick-meta":"","header-below-stick-meta":"","astra-migrate-meta-layouts":""},"product_cat":[1513],"product_tag":[1064],"_links":{"self":[{"href":"https:\/\/pfkeepers.com\/english\/wp-json\/wp\/v2\/product\/217791"}],"collection":[{"href":"https:\/\/pfkeepers.com\/english\/wp-json\/wp\/v2\/product"}],"about":[{"href":"https:\/\/pfkeepers.com\/english\/wp-json\/wp\/v2\/types\/product"}],"wp:featuredmedia":[{"embeddable":true,"href":"https:\/\/pfkeepers.com\/english\/wp-json\/wp\/v2\/media\/217792"}],"wp:attachment":[{"href":"https:\/\/pfkeepers.com\/english\/wp-json\/wp\/v2\/media?parent=217791"}],"wp:term":[{"taxonomy":"product_cat","embeddable":true,"href":"https:\/\/pfkeepers.com\/english\/wp-json\/wp\/v2\/product_cat?post=217791"},{"taxonomy":"product_tag","embeddable":true,"href":"https:\/\/pfkeepers.com\/english\/wp-json\/wp\/v2\/product_tag?post=217791"}],"curies":[{"name":"wp","href":"https:\/\/api.w.org\/{rel}","templated":true}]}}