{"id":208749,"date":"2024-08-22T22:06:36","date_gmt":"2024-08-22T22:06:36","guid":{"rendered":"https:\/\/pfkeepers.com\/produto\/oranda-panda-grado-b-carassius-auratus\/"},"modified":"2026-04-19T00:12:50","modified_gmt":"2026-04-19T00:12:50","slug":"oranda-panda-grado-b-carassius-auratus","status":"publish","type":"product","link":"https:\/\/pfkeepers.com\/english\/product\/oranda-panda-grado-b-carassius-auratus\/","title":{"rendered":"Oranda Panda &#8211; Carassius auratus"},"content":{"rendered":"<p>Foto ilustrativa. | Illustrative photo.<\/p>\n<p>Ficha T\u00e9cnica<\/p>\n<p>Nome da Esp\u00e9cie: Carassius auratus<br \/>\nOrdem: Cypriniformes\/\/Cyprinidae<br \/>\nIntervalo de pH: 7.0-7.6 (apesar de sobreviverem em \u00e1guas com pH 6.0 &#8211; 8.0, n\u00e3o recomendamos exposi\u00e7\u00e3o prolongada a \u00e1guas demasiado acidas ou alcalinas)<br \/>\nIntervalo de Temperatura: 8\u00baC-30\u00baC (algumas fontes citam 0-41\u00baC mas n\u00e3o recomendamos)<br \/>\nDureza: 5\u00badH-19\u00badH<br \/>\nTamanho adulto: 25cm-48cm(cm)<br \/>\nAqu\u00e1rio recomendado: 250L<\/p>","protected":false},"excerpt":{"rendered":"<p>Foto ilustrativa. | Illustrative photo. Ficha T\u00e9cnica Nome da Esp\u00e9cie: Carassius auratus Ordem: Cypriniformes\/\/Cyprinidae Intervalo de pH: 7.0-7.6 (apesar de sobreviverem em \u00e1guas com pH 6.0 &#8211; 8.0, n\u00e3o recomendamos exposi\u00e7\u00e3o prolongada a \u00e1guas demasiado acidas ou alcalinas) Intervalo de Temperatura: 8\u00baC-30\u00baC (algumas fontes citam 0-41\u00baC mas n\u00e3o recomendamos) Dureza: 5\u00badH-19\u00badH Tamanho adulto: 25cm-48cm(cm) Aqu\u00e1rio &hellip;<\/p>\n<p class=\"read-more\"> <a class=\"\" href=\"https:\/\/pfkeepers.com\/english\/product\/oranda-panda-grado-b-carassius-auratus\/\"> <span class=\"screen-reader-text\">Oranda Panda &#8211; Carassius auratus<\/span> Read More &raquo;<\/a><\/p>","protected":false},"featured_media":208750,"template":"","meta":{"site-sidebar-layout":"default","site-content-layout":"","ast-site-content-layout":"","site-content-style":"default","site-sidebar-style":"default","ast-global-header-display":"","ast-banner-title-visibility":"","ast-main-header-display":"","ast-hfb-above-header-display":"","ast-hfb-below-header-display":"","ast-hfb-mobile-header-display":"","site-post-title":"","ast-breadcrumbs-content":"","ast-featured-img":"","footer-sml-layout":"","theme-transparent-header-meta":"","adv-header-id-meta":"","stick-header-meta":"","header-above-stick-meta":"","header-main-stick-meta":"","header-below-stick-meta":"","astra-migrate-meta-layouts":""},"product_cat":[1354],"product_tag":[],"_links":{"self":[{"href":"https:\/\/pfkeepers.com\/english\/wp-json\/wp\/v2\/product\/208749"}],"collection":[{"href":"https:\/\/pfkeepers.com\/english\/wp-json\/wp\/v2\/product"}],"about":[{"href":"https:\/\/pfkeepers.com\/english\/wp-json\/wp\/v2\/types\/product"}],"wp:featuredmedia":[{"embeddable":true,"href":"https:\/\/pfkeepers.com\/english\/wp-json\/wp\/v2\/media\/208750"}],"wp:attachment":[{"href":"https:\/\/pfkeepers.com\/english\/wp-json\/wp\/v2\/media?parent=208749"}],"wp:term":[{"taxonomy":"product_cat","embeddable":true,"href":"https:\/\/pfkeepers.com\/english\/wp-json\/wp\/v2\/product_cat?post=208749"},{"taxonomy":"product_tag","embeddable":true,"href":"https:\/\/pfkeepers.com\/english\/wp-json\/wp\/v2\/product_tag?post=208749"}],"curies":[{"name":"wp","href":"https:\/\/api.w.org\/{rel}","templated":true}]}}