{"id":190169,"date":"2024-07-19T18:11:29","date_gmt":"2024-07-19T18:11:29","guid":{"rendered":"https:\/\/pfkeepers.com\/produto\/exo-terra-solar-glo-80w-all-in-one\/"},"modified":"2025-02-27T22:01:54","modified_gmt":"2025-02-27T22:01:54","slug":"exo-terra-solar-glo-80w-all-in-one","status":"publish","type":"product","link":"https:\/\/pfkeepers.com\/english\/product\/exo-terra-solar-glo-80w-all-in-one\/","title":{"rendered":"Exo Terra Solar Glo 80W All in One"},"content":{"rendered":"<p>Exo Terra Solar Glo L\u00e2mpada de Mercurio \u2013 Simula\u00e7\u00e3o de Luz Solar \u00e9 uma l\u00e2mpada de vapor de merc\u00fario que proporciona os benef\u00edcios da luz solar natural. A luz solar \u00e9 um dos aspectos mais importantes para manter os r\u00e9pteis saud\u00e1veis. Al\u00e9m disso a l\u00e2mpada Exo Terra Solar Glo \u00e9 a escolha de criadores profissionais. Acima de tudo proporciona o equil\u00edbrio certo de luz ultravioleta (incluindo UVA e UVB), luz vis\u00edvel e luz infravermelho (calor), em apenas numa l\u00e2mpada. No entanto, f\u00e1cil e pr\u00e1tico de instalar.<\/p>\n<p>Acima de tudo nos r\u00e9pteis uma boa ilumina\u00e7\u00e3o \u00e9 imprescind\u00edvel! Sem a ilumina\u00e7\u00e3o adequada atrav\u00e9s de radia\u00e7\u00e3o UVA e UVB, um r\u00e9ptil n\u00e3o pode produzir a vitamina D3 essencial para a digest\u00e3o. Desta forma falta ou uso indevido de esta ilumina\u00e7\u00e3o pode causar problemas substanciais para o seu r\u00e9ptil. Como por exemplo, indigest\u00e3o, perda de apetite, est\u00f4mago e podrid\u00e3o boca, cegueira, paralisia, doen\u00e7a \u00f3ssea metab\u00f3lica, e em alguns casos mortes ir\u00e3o ocorrer.<\/p>\n<p>Em suma uma luz de espectro completo com picos cuidadosamente ajustados para garantir o bem estar. Al\u00e9m disso, promove o apetite, atividade, cores brilhantes e absor\u00e7\u00e3o \u00f3ptima de c\u00e1lcio atrav\u00e9s da produ\u00e7\u00e3o de vitamina D3.<\/p>\n<p>A que dist\u00e2ncia devo colocar a minha L\u00e2mpada Solar Glo?<br \/>\n\u00c9 muito importante colocarmos as L\u00e2mpadas de Merc\u00fario a uma dist\u00e2ncia correta, pois caso contr\u00e1rio podemos ferir o nosso animal. Portanto, na imagem abaixo pode verificar a que dist\u00e2ncia deve colocar cada l\u00e2mpada uma para uma temperatura adequada.<\/p>\n<p>O Exo Terra Solar Glo \u00e9 uma l\u00e2mpada de vapor de merc\u00fario com lastro, que se encaixa em uma tomada de cer\u00e2mica padr\u00e3o (n\u00e3o \u00e9 necess\u00e1rio realizar o lastro).  Mais importante, pode ser usado com o refletor Exo Terra Reptile Dome ou com a Exo Terra Wire Light.<\/p>\n<p>\u2013 \u00d3ptimos n\u00edveis de UVB, UVA, luz vis\u00edvel e calor em uma \u00fanica l\u00e2mpada!<\/p>\n<p>\u2013 Fornece os benef\u00edcios da luz solar natural.<\/p>\n<p>\u2013 Ajuda a prevenir doen\u00e7as metab\u00f3licas nos ossos, desta forma garante o bem estar do seu amigo.<\/p>\n<p>\u2013 Aumente a dist\u00e2ncia de penetra\u00e7\u00e3o UVB, ou seja,  +30 cm \/ 12 \u201c.<\/p>","protected":false},"excerpt":{"rendered":"<p>Exo Terra Solar Glo L\u00e2mpada de Mercurio \u2013 Simula\u00e7\u00e3o de Luz Solar \u00e9 uma l\u00e2mpada de vapor de merc\u00fario que proporciona os benef\u00edcios da luz solar natural. A luz solar \u00e9 um dos aspectos mais importantes para manter os r\u00e9pteis saud\u00e1veis. Al\u00e9m disso a l\u00e2mpada Exo Terra Solar Glo \u00e9 a escolha de criadores profissionais. &hellip;<\/p>\n<p class=\"read-more\"> <a class=\"\" href=\"https:\/\/pfkeepers.com\/english\/product\/exo-terra-solar-glo-80w-all-in-one\/\"> <span class=\"screen-reader-text\">Exo Terra Solar Glo 80W All in One<\/span> Read More &raquo;<\/a><\/p>","protected":false},"featured_media":190170,"template":"","meta":{"site-sidebar-layout":"default","site-content-layout":"","ast-site-content-layout":"","site-content-style":"default","site-sidebar-style":"default","ast-global-header-display":"","ast-banner-title-visibility":"","ast-main-header-display":"","ast-hfb-above-header-display":"","ast-hfb-below-header-display":"","ast-hfb-mobile-header-display":"","site-post-title":"","ast-breadcrumbs-content":"","ast-featured-img":"","footer-sml-layout":"","theme-transparent-header-meta":"","adv-header-id-meta":"","stick-header-meta":"","header-above-stick-meta":"","header-main-stick-meta":"","header-below-stick-meta":"","astra-migrate-meta-layouts":""},"product_cat":[1481],"product_tag":[],"_links":{"self":[{"href":"https:\/\/pfkeepers.com\/english\/wp-json\/wp\/v2\/product\/190169"}],"collection":[{"href":"https:\/\/pfkeepers.com\/english\/wp-json\/wp\/v2\/product"}],"about":[{"href":"https:\/\/pfkeepers.com\/english\/wp-json\/wp\/v2\/types\/product"}],"wp:featuredmedia":[{"embeddable":true,"href":"https:\/\/pfkeepers.com\/english\/wp-json\/wp\/v2\/media\/190170"}],"wp:attachment":[{"href":"https:\/\/pfkeepers.com\/english\/wp-json\/wp\/v2\/media?parent=190169"}],"wp:term":[{"taxonomy":"product_cat","embeddable":true,"href":"https:\/\/pfkeepers.com\/english\/wp-json\/wp\/v2\/product_cat?post=190169"},{"taxonomy":"product_tag","embeddable":true,"href":"https:\/\/pfkeepers.com\/english\/wp-json\/wp\/v2\/product_tag?post=190169"}],"curies":[{"name":"wp","href":"https:\/\/api.w.org\/{rel}","templated":true}]}}