{"id":190159,"date":"2024-07-19T18:11:11","date_gmt":"2024-07-19T18:11:11","guid":{"rendered":"https:\/\/pfkeepers.com\/produto\/sera-co2-tabs-plus-20-tabs-90g\/"},"modified":"2026-04-19T00:56:58","modified_gmt":"2026-04-19T00:56:58","slug":"sera-co2-tabs-plus-20-tabs-90g","status":"publish","type":"product","link":"https:\/\/pfkeepers.com\/english\/product\/sera-co2-tabs-plus-20-tabs-90g\/","title":{"rendered":"Sera CO2-Tabs plus 20 Tabs (90g)"},"content":{"rendered":"<p>As Sera CO2-Tabs plus aplicam-se simplesmente na respectiva abertura do reactor de CO2. Assim que entrar em contato com a \u00e1gua do aqu\u00e1rio, cada pastilha d\u00e1 cerca de 100 ml de CO2 (equivalente a 2.500 bolhas).<\/p>","protected":false},"excerpt":{"rendered":"<p>As Sera CO2-Tabs plus aplicam-se simplesmente na respectiva abertura do reactor de CO2. Assim que entrar em contato com a \u00e1gua do aqu\u00e1rio, cada pastilha d\u00e1 cerca de 100 ml de CO2 (equivalente a 2.500 bolhas).<\/p>","protected":false},"featured_media":190160,"template":"","meta":{"site-sidebar-layout":"default","site-content-layout":"","ast-site-content-layout":"","site-content-style":"default","site-sidebar-style":"default","ast-global-header-display":"","ast-banner-title-visibility":"","ast-main-header-display":"","ast-hfb-above-header-display":"","ast-hfb-below-header-display":"","ast-hfb-mobile-header-display":"","site-post-title":"","ast-breadcrumbs-content":"","ast-featured-img":"","footer-sml-layout":"","theme-transparent-header-meta":"","adv-header-id-meta":"","stick-header-meta":"","header-above-stick-meta":"","header-main-stick-meta":"","header-below-stick-meta":"","astra-migrate-meta-layouts":""},"product_cat":[1395],"product_tag":[1038],"_links":{"self":[{"href":"https:\/\/pfkeepers.com\/english\/wp-json\/wp\/v2\/product\/190159"}],"collection":[{"href":"https:\/\/pfkeepers.com\/english\/wp-json\/wp\/v2\/product"}],"about":[{"href":"https:\/\/pfkeepers.com\/english\/wp-json\/wp\/v2\/types\/product"}],"wp:featuredmedia":[{"embeddable":true,"href":"https:\/\/pfkeepers.com\/english\/wp-json\/wp\/v2\/media\/190160"}],"wp:attachment":[{"href":"https:\/\/pfkeepers.com\/english\/wp-json\/wp\/v2\/media?parent=190159"}],"wp:term":[{"taxonomy":"product_cat","embeddable":true,"href":"https:\/\/pfkeepers.com\/english\/wp-json\/wp\/v2\/product_cat?post=190159"},{"taxonomy":"product_tag","embeddable":true,"href":"https:\/\/pfkeepers.com\/english\/wp-json\/wp\/v2\/product_tag?post=190159"}],"curies":[{"name":"wp","href":"https:\/\/api.w.org\/{rel}","templated":true}]}}