{"id":179170,"date":"2024-06-28T17:52:59","date_gmt":"2024-06-28T17:52:59","guid":{"rendered":"https:\/\/pfkeepers.com\/produto\/labeo-bicolor-palzeorhynchos-bicolor\/"},"modified":"2026-04-19T00:56:35","modified_gmt":"2026-04-19T00:56:35","slug":"labeo-bicolor-palzeorhynchos-bicolor","status":"publish","type":"product","link":"https:\/\/pfkeepers.com\/english\/product\/labeo-bicolor-palzeorhynchos-bicolor\/","title":{"rendered":"Labeo Bicolor &#8211; Palzeorhynchos bicolor"},"content":{"rendered":"<p>Nota: Foto ilustrativa<\/p>\n<p>A esp\u00e9cie \u00e9 nativa do centro e oeste da Tail\u00e2ndia, com registros hist\u00f3ricos dos rios baixo Mae Klong, baixo Chao Phraya e Bangpakong, todos os quais drenam para a ponta norte do Golfo da Tail\u00e2ndia.<\/p>\n<p>A localidade tipo \u00e9 &#8216;Pequeno afluente do rio Menam Chao Phya, perto de Paknampo [Nakorn-Sawan], Tail\u00e2ndia central&#8217; e o peixe era considerado abundante na \u00e9poca (1931).<\/p>\n<p>Foi oficialmente declarado extinto em 1996 com coleta para o com\u00e9rcio de aqu\u00e1rios (embora pare\u00e7a n\u00e3o haver evid\u00eancias para apoiar isso), polui\u00e7\u00e3o agr\u00edcola e dom\u00e9stica, al\u00e9m de outras formas de altera\u00e7\u00e3o de habitat, como a constru\u00e7\u00e3o de barragens normalmente consideradas culpadas, mas em 2011 um pequena popula\u00e7\u00e3o altamente localizada foi observada na bacia de Chao Phraya.<\/p>\n<p>Em 2014, confirmou-se que tamb\u00e9m existia no sistema Mae Klong, com um \u00fanico esp\u00e9cime coletado no canal principal do rio, pr\u00f3ximo \u00e0 barragem de Maeklong, no distrito de Muang, prov\u00edncia de Kanchanaburi. Seu status atual \u00e9, portanto, incerto e \u00e9 considerado criticamente amea\u00e7ado, aguardando novos registros de ocorr\u00eancia.<\/p>\n<p>Nome da Esp\u00e9cie: Epalzeorhynchos bicolor<\/p>\n<p>Intervalo de pH: 6.0-8.0<\/p>\n<p>Intervalo de Temperatura: 20-26\u00aaC<\/p>\n<p>Dureza: 36-268ppm<\/p>\n<p>Tamanho adulto: 10-12.5(cm)<\/p>\n<p>Aqu\u00e1rio recomendado: 250L<\/p>","protected":false},"excerpt":{"rendered":"<p>Nota: Foto ilustrativa A esp\u00e9cie \u00e9 nativa do centro e oeste da Tail\u00e2ndia, com registros hist\u00f3ricos dos rios baixo Mae Klong, baixo Chao Phraya e Bangpakong, todos os quais drenam para a ponta norte do Golfo da Tail\u00e2ndia. A localidade tipo \u00e9 &#8216;Pequeno afluente do rio Menam Chao Phya, perto de Paknampo [Nakorn-Sawan], Tail\u00e2ndia central&#8217; &hellip;<\/p>\n<p class=\"read-more\"> <a class=\"\" href=\"https:\/\/pfkeepers.com\/english\/product\/labeo-bicolor-palzeorhynchos-bicolor\/\"> <span class=\"screen-reader-text\">Labeo Bicolor &#8211; Palzeorhynchos bicolor<\/span> Read More &raquo;<\/a><\/p>","protected":false},"featured_media":179171,"template":"","meta":{"site-sidebar-layout":"default","site-content-layout":"","ast-site-content-layout":"","site-content-style":"default","site-sidebar-style":"default","ast-global-header-display":"","ast-banner-title-visibility":"","ast-main-header-display":"","ast-hfb-above-header-display":"","ast-hfb-below-header-display":"","ast-hfb-mobile-header-display":"","site-post-title":"","ast-breadcrumbs-content":"","ast-featured-img":"","footer-sml-layout":"","theme-transparent-header-meta":"","adv-header-id-meta":"","stick-header-meta":"","header-above-stick-meta":"","header-main-stick-meta":"","header-below-stick-meta":"","astra-migrate-meta-layouts":""},"product_cat":[1354],"product_tag":[],"_links":{"self":[{"href":"https:\/\/pfkeepers.com\/english\/wp-json\/wp\/v2\/product\/179170"}],"collection":[{"href":"https:\/\/pfkeepers.com\/english\/wp-json\/wp\/v2\/product"}],"about":[{"href":"https:\/\/pfkeepers.com\/english\/wp-json\/wp\/v2\/types\/product"}],"wp:featuredmedia":[{"embeddable":true,"href":"https:\/\/pfkeepers.com\/english\/wp-json\/wp\/v2\/media\/179171"}],"wp:attachment":[{"href":"https:\/\/pfkeepers.com\/english\/wp-json\/wp\/v2\/media?parent=179170"}],"wp:term":[{"taxonomy":"product_cat","embeddable":true,"href":"https:\/\/pfkeepers.com\/english\/wp-json\/wp\/v2\/product_cat?post=179170"},{"taxonomy":"product_tag","embeddable":true,"href":"https:\/\/pfkeepers.com\/english\/wp-json\/wp\/v2\/product_tag?post=179170"}],"curies":[{"name":"wp","href":"https:\/\/api.w.org\/{rel}","templated":true}]}}