{"id":171141,"date":"2024-06-14T17:14:24","date_gmt":"2024-06-14T17:14:24","guid":{"rendered":"https:\/\/pfkeepers.com\/produto\/yellow-tail-midas-blenny-ecsenius-lividanalis\/"},"modified":"2026-04-19T00:56:06","modified_gmt":"2026-04-19T00:56:06","slug":"yellow-tail-midas-blenny-ecsenius-lividanalis","status":"publish","type":"product","link":"https:\/\/pfkeepers.com\/english\/product\/yellow-tail-midas-blenny-ecsenius-lividanalis\/","title":{"rendered":"Yellow Tail Midas Blenny &#8211; Ecsenius lividanalis"},"content":{"rendered":"<p>Ecsenius lividanalis, commonly known as the blue-headed tooth blenny in Indonesia and also known as the blue-headed tooth blenny, is a species of blue-headed tooth blenny in the genus Ecsenius. It is found in coral reefs throughout the western Pacific Ocean. It can reach a maximum length of 5 centimetres (2 in). Blennies in this species feed primarily on plants, including benthic algae and weeds, and are commercial aquarium fish. There are two coloured morphs of this blenny, both with a black patch around the anus. One morph has a blue head with a yellow body and irises while the other morph is dark, occasionally all yellow, with a bluish-white irises, a yellow back and a yellow caudal fin.<\/p>","protected":false},"excerpt":{"rendered":"<p>Ecsenius lividanalis , comumente conhecido como blenny-dente-de-cabe\u00e7a-azul na Indon\u00e9sia e tamb\u00e9m conhecido como blenny-dente-de-cabe\u00e7a-azul , \u00e9 uma esp\u00e9cie de blenny dente-de-cabe\u00e7a-azul do g\u00eanero Ecsenius . \u00c9 encontrada em recifes de coral em todo o oeste do oceano Pac\u00edfico . Pode atingir um comprimento m\u00e1ximo de 5 cent\u00edmetros. Blennies nesta esp\u00e9cie se alimentam principalmente de plantas, &hellip;<\/p>\n<p class=\"read-more\"> <a class=\"\" href=\"https:\/\/pfkeepers.com\/english\/product\/yellow-tail-midas-blenny-ecsenius-lividanalis\/\"> <span class=\"screen-reader-text\">Yellow Tail Midas Blenny &#8211; Ecsenius lividanalis<\/span> Read More &raquo;<\/a><\/p>","protected":false},"featured_media":171142,"template":"","meta":{"site-sidebar-layout":"default","site-content-layout":"","ast-site-content-layout":"","site-content-style":"default","site-sidebar-style":"default","ast-global-header-display":"","ast-banner-title-visibility":"","ast-main-header-display":"","ast-hfb-above-header-display":"","ast-hfb-below-header-display":"","ast-hfb-mobile-header-display":"","site-post-title":"","ast-breadcrumbs-content":"","ast-featured-img":"","footer-sml-layout":"","theme-transparent-header-meta":"","adv-header-id-meta":"","stick-header-meta":"","header-above-stick-meta":"","header-main-stick-meta":"","header-below-stick-meta":"","astra-migrate-meta-layouts":""},"product_cat":[1355],"product_tag":[],"_links":{"self":[{"href":"https:\/\/pfkeepers.com\/english\/wp-json\/wp\/v2\/product\/171141"}],"collection":[{"href":"https:\/\/pfkeepers.com\/english\/wp-json\/wp\/v2\/product"}],"about":[{"href":"https:\/\/pfkeepers.com\/english\/wp-json\/wp\/v2\/types\/product"}],"wp:featuredmedia":[{"embeddable":true,"href":"https:\/\/pfkeepers.com\/english\/wp-json\/wp\/v2\/media\/171142"}],"wp:attachment":[{"href":"https:\/\/pfkeepers.com\/english\/wp-json\/wp\/v2\/media?parent=171141"}],"wp:term":[{"taxonomy":"product_cat","embeddable":true,"href":"https:\/\/pfkeepers.com\/english\/wp-json\/wp\/v2\/product_cat?post=171141"},{"taxonomy":"product_tag","embeddable":true,"href":"https:\/\/pfkeepers.com\/english\/wp-json\/wp\/v2\/product_tag?post=171141"}],"curies":[{"name":"wp","href":"https:\/\/api.w.org\/{rel}","templated":true}]}}