{"id":171135,"date":"2024-06-14T17:14:11","date_gmt":"2024-06-14T17:14:11","guid":{"rendered":"https:\/\/pfkeepers.com\/produto\/aquael-shrimp-set-dn-30-branco\/"},"modified":"2026-04-18T03:44:59","modified_gmt":"2026-04-18T03:44:59","slug":"aquael-shrimp-set-dn-30-branco","status":"publish","type":"product","link":"https:\/\/pfkeepers.com\/english\/product\/aquael-shrimp-set-dn-30-branco\/","title":{"rendered":"AquaEl Shrimp Set D&amp;N 30 Branco"},"content":{"rendered":"<p>DESCRI\u00c7\u00c3O DO PRODUTO<\/p>\n<p>Aquael Shrimp Set Day &amp; Night \u00e9 um  nano aqu\u00e1rio totalmente equipado que oferece as condi\u00e7\u00f5es ideais para plantas, camar\u00f5es e pequenos peixes. Agora foi melhorado com a inclus\u00e3o da nossa ilumina\u00e7\u00e3o LED Day &amp; Night . Dependendo de suas necessidades, agora voc\u00ea pode escolher entre 3 modos de ilumina\u00e7\u00e3o \u2013 2 n\u00edveis diferentes de luz do dia e luz noturna azul. LED que brilha dia e noite!<\/p>\n<p>Conjunto completo<br \/>\nDimens\u00f5es: 29*29*35<br \/>\nvolume : 30L<br \/>\nIlumina\u00e7\u00e3o: Leddy Smart Dia e Noite 4,8W<br \/>\nFiltro: Turbo Mini<br \/>\nTermostato: fix 2 50w<br \/>\nFornece condi\u00e7\u00f5es ideais para plantas, camar\u00f5es e pequenos peixes<br \/>\nIlumina\u00e7\u00e3o Leddy Smart Day &amp; Night<br \/>\n4,8 W \u2013 3 modos de ilumina\u00e7\u00e3o: DIA \/ AMANH\u00c3 \/ NOITE<br \/>\nTurbo Mini Filter<br \/>\n\u2013 320 l\/h<br \/>\n\u2013 Efici\u00eancia, aera\u00e7\u00e3o e ajuste da dire\u00e7\u00e3o do fluxo de \u00e1gua<br \/>\nFix 2 aquecedor autom\u00e1tico<br \/>\n\u2013 Smart Heating System \u2013 ajusta a pot\u00eancia de aquecimento \u00e0s condi\u00e7\u00f5es do ambiente<br \/>\nDesign moderno<br \/>\nTampa de vidro com Smart Open System<br \/>\nCantos minimalistas \u2013 protegendo o fundo do aqu\u00e1rio<br \/>\nFeito na Europa<br \/>\nEmbalagem criada em coopera\u00e7\u00e3o com paisagistas famosos \u2013 paisagens inspiradoras de Micha\u0142 Adamek e Aquaman Studio<\/p>","protected":false},"excerpt":{"rendered":"<p>DESCRI\u00c7\u00c3O DO PRODUTO Aquael Shrimp Set Day &amp; Night \u00e9 um nano aqu\u00e1rio totalmente equipado que oferece as condi\u00e7\u00f5es ideais para plantas, camar\u00f5es e pequenos peixes. Agora foi melhorado com a inclus\u00e3o da nossa ilumina\u00e7\u00e3o LED Day &amp; Night . Dependendo de suas necessidades, agora voc\u00ea pode escolher entre 3 modos de ilumina\u00e7\u00e3o \u2013 2 &hellip;<\/p>\n<p class=\"read-more\"> <a class=\"\" href=\"https:\/\/pfkeepers.com\/english\/product\/aquael-shrimp-set-dn-30-branco\/\"> <span class=\"screen-reader-text\">AquaEl Shrimp Set D&amp;N 30 Branco<\/span> Read More &raquo;<\/a><\/p>","protected":false},"featured_media":171136,"template":"","meta":{"site-sidebar-layout":"default","site-content-layout":"","ast-site-content-layout":"default","site-content-style":"default","site-sidebar-style":"default","ast-global-header-display":"","ast-banner-title-visibility":"","ast-main-header-display":"","ast-hfb-above-header-display":"","ast-hfb-below-header-display":"","ast-hfb-mobile-header-display":"","site-post-title":"","ast-breadcrumbs-content":"","ast-featured-img":"","footer-sml-layout":"","theme-transparent-header-meta":"default","adv-header-id-meta":"","stick-header-meta":"","header-above-stick-meta":"","header-main-stick-meta":"","header-below-stick-meta":"","astra-migrate-meta-layouts":"set"},"product_cat":[1389],"product_tag":[767],"_links":{"self":[{"href":"https:\/\/pfkeepers.com\/english\/wp-json\/wp\/v2\/product\/171135"}],"collection":[{"href":"https:\/\/pfkeepers.com\/english\/wp-json\/wp\/v2\/product"}],"about":[{"href":"https:\/\/pfkeepers.com\/english\/wp-json\/wp\/v2\/types\/product"}],"wp:featuredmedia":[{"embeddable":true,"href":"https:\/\/pfkeepers.com\/english\/wp-json\/wp\/v2\/media\/171136"}],"wp:attachment":[{"href":"https:\/\/pfkeepers.com\/english\/wp-json\/wp\/v2\/media?parent=171135"}],"wp:term":[{"taxonomy":"product_cat","embeddable":true,"href":"https:\/\/pfkeepers.com\/english\/wp-json\/wp\/v2\/product_cat?post=171135"},{"taxonomy":"product_tag","embeddable":true,"href":"https:\/\/pfkeepers.com\/english\/wp-json\/wp\/v2\/product_tag?post=171135"}],"curies":[{"name":"wp","href":"https:\/\/api.w.org\/{rel}","templated":true}]}}