{"id":168060,"date":"2024-06-06T20:15:58","date_gmt":"2024-06-06T20:15:58","guid":{"rendered":"https:\/\/pfkeepers.com\/produto\/mustard-tang-acanthurus-pyroferus\/"},"modified":"2026-04-19T00:55:48","modified_gmt":"2026-04-19T00:55:48","slug":"mustard-tang-acanthurus-pyroferus","status":"publish","type":"product","link":"https:\/\/pfkeepers.com\/english\/product\/mustard-tang-acanthurus-pyroferus\/","title":{"rendered":"Mustard Tang &#8211; Acanthurus pyroferus"},"content":{"rendered":"<p>N\u00edvel de Cuidado: F\u00e1cil<\/p>\n<p>Temperamento: Semi-agressivo<\/p>\n<p>Cor: Preto, Castanho, Amarelo<\/p>\n<p>Dieta: Herb\u00edvoro<\/p>\n<p>Compat\u00edvel com Reef: Sim<\/p>\n<p>Condi\u00e7\u00f5es da \u00e1gua: sg 1,020-1,025, 22-26 \u00b0C, dKH 8-12, pH 8,1-8,4<\/p>\n<p>M\u00e1x. Tamanho: 25cm<\/p>\n<p>Origem: Indon\u00e9sia<\/p>\n<p>Fam\u00edlia: Acanthuridae<\/p>\n<p>Tamanho do aqu\u00e1rio: 475 L<\/p>\n<p>O Mimic Lemon Peel Tang, tamb\u00e9m conhecido como Mimic Surgeon, ou Chocolate Surgeonfish, tem um corpo oval amarelo enquanto juvenil. Possui reflexos azuis ao redor dos olhos e das guelras, imitando o Peixe-anjo-lim\u00e3o ( Centropyge flavissimus ). (Muitos dos Acanthurus sp. imitam o peixe-anjo.) Quando maduro, a cor do corpo escurece para o bronzeado com destaques vermelhos que se formam ao redor dos olhos e nadadeiras peitorais. As barbatanas dorsal, anal e caudal assumem tons de verde, mas permanecem com a cor bronzeada do corpo.<\/p>\n<p>Um aqu\u00e1rio de 450 litros ou maior com grandes quantidades de rocha viva \u00e9 necess\u00e1rio para fornecer bastante espa\u00e7o para nadar e territ\u00f3rios dentro da rocha viva. \u00c9 agressivo com outros Tangs e Surgeonfish, mas \u00e9 pac\u00edfico com outros peixes.<\/p>\n<p>Embora os Tangs comam alimentos carnudos junto com os outros peixes no aqu\u00e1rio, \u00e9 importante que eles recebam muitas algas e algas marinhas. Isso fortalecer\u00e1 seu sistema imunol\u00f3gico, reduzir\u00e1 a agress\u00e3o e melhorar\u00e1 sua sa\u00fade geral. Ofere\u00e7a algas secas amarradas a uma pedra ou use um clipe de vegetais e alimente pelo menos 3 vezes por semana. Hikari Seaweed Extreme, Vitalis Algae Flakes ou Pellets e Ocean Nutrition Formula Two s\u00e3o produtos ideais e muito f\u00e1ceis de usar. Estes s\u00e3o \u00f3timos peixes para controlar algas em peixes de \u00e1gua salgada ou aqu\u00e1rios de corais.<\/p>","protected":false},"excerpt":{"rendered":"<p>N\u00edvel de Cuidado: F\u00e1cil Temperamento: Semi-agressivo Cor: Preto, Castanho, Amarelo Dieta: Herb\u00edvoro Compat\u00edvel com Reef: Sim Condi\u00e7\u00f5es da \u00e1gua: sg 1,020-1,025, 22-26 \u00b0C, dKH 8-12, pH 8,1-8,4 M\u00e1x. Tamanho: 25cm Origem: Indon\u00e9sia Fam\u00edlia: Acanthuridae Tamanho do aqu\u00e1rio: 475 L O Mimic Lemon Peel Tang, tamb\u00e9m conhecido como Mimic Surgeon, ou Chocolate Surgeonfish, tem um corpo &hellip;<\/p>\n<p class=\"read-more\"> <a class=\"\" href=\"https:\/\/pfkeepers.com\/english\/product\/mustard-tang-acanthurus-pyroferus\/\"> <span class=\"screen-reader-text\">Mustard Tang &#8211; Acanthurus pyroferus<\/span> Read More &raquo;<\/a><\/p>","protected":false},"featured_media":168061,"template":"","meta":{"site-sidebar-layout":"default","site-content-layout":"","ast-site-content-layout":"default","site-content-style":"default","site-sidebar-style":"default","ast-global-header-display":"","ast-banner-title-visibility":"","ast-main-header-display":"","ast-hfb-above-header-display":"","ast-hfb-below-header-display":"","ast-hfb-mobile-header-display":"","site-post-title":"","ast-breadcrumbs-content":"","ast-featured-img":"","footer-sml-layout":"","theme-transparent-header-meta":"default","adv-header-id-meta":"","stick-header-meta":"","header-above-stick-meta":"","header-main-stick-meta":"","header-below-stick-meta":"","astra-migrate-meta-layouts":"set"},"product_cat":[1355],"product_tag":[],"_links":{"self":[{"href":"https:\/\/pfkeepers.com\/english\/wp-json\/wp\/v2\/product\/168060"}],"collection":[{"href":"https:\/\/pfkeepers.com\/english\/wp-json\/wp\/v2\/product"}],"about":[{"href":"https:\/\/pfkeepers.com\/english\/wp-json\/wp\/v2\/types\/product"}],"wp:featuredmedia":[{"embeddable":true,"href":"https:\/\/pfkeepers.com\/english\/wp-json\/wp\/v2\/media\/168061"}],"wp:attachment":[{"href":"https:\/\/pfkeepers.com\/english\/wp-json\/wp\/v2\/media?parent=168060"}],"wp:term":[{"taxonomy":"product_cat","embeddable":true,"href":"https:\/\/pfkeepers.com\/english\/wp-json\/wp\/v2\/product_cat?post=168060"},{"taxonomy":"product_tag","embeddable":true,"href":"https:\/\/pfkeepers.com\/english\/wp-json\/wp\/v2\/product_tag?post=168060"}],"curies":[{"name":"wp","href":"https:\/\/api.w.org\/{rel}","templated":true}]}}