{"id":161972,"date":"2024-06-04T02:06:30","date_gmt":"2024-06-04T02:06:30","guid":{"rendered":"https:\/\/pfkeepers.com\/produto\/ludwigia-repens-rubin-pot-tropica\/"},"modified":"2026-04-19T00:55:37","modified_gmt":"2026-04-19T00:55:37","slug":"ludwigia-repens-rubin-pot-tropica","status":"publish","type":"product","link":"https:\/\/pfkeepers.com\/english\/product\/ludwigia-repens-rubin-pot-tropica\/","title":{"rendered":"Ludwigia repens &#8216;Rubin&#8217; pot Tropica"},"content":{"rendered":"<p>Variedade de Ludwigia repens da Am\u00e9rica do Norte com impressionantes folhas vermelhas escuras e talo. De 20-50 cm e 4-6 cm de largura. Proporciona um \u00f3timo contraste de cores com as tonalidades verdes no aqu\u00e1rio. Plante em grandes grupos para melhorar o efeito decorativo e podar regularmente para incentivar o crescimento espesso.<br \/>\nA planta tem poucas demandas, mas se a luz \u00e9 insuficiente, as folhas mais baixas tendem a cair. Em luz forte a cor se torna mais intensa.<\/p>\n<p>Informa\u00e7\u00f5es da planta:<\/p>\n<p>Tipo: Caule<br \/>\nOrigem: Am\u00e9rica do Norte<br \/>\nTaxa de crescimento: M\u00e9dia<br \/>\nAltura: 20 &#8211; 30+<br \/>\nDemanda leve: M\u00e9dia<br \/>\nCO2 : Baixo<\/p>","protected":false},"excerpt":{"rendered":"<p>Variedade de Ludwigia repens da Am\u00e9rica do Norte com impressionantes folhas vermelhas escuras e talo. De 20-50 cm e 4-6 cm de largura. Proporciona um \u00f3timo contraste de cores com as tonalidades verdes no aqu\u00e1rio. Plante em grandes grupos para melhorar o efeito decorativo e podar regularmente para incentivar o crescimento espesso. A planta tem &hellip;<\/p>\n<p class=\"read-more\"> <a class=\"\" href=\"https:\/\/pfkeepers.com\/english\/product\/ludwigia-repens-rubin-pot-tropica\/\"> <span class=\"screen-reader-text\">Ludwigia repens &#8216;Rubin&#8217; pot Tropica<\/span> Read More &raquo;<\/a><\/p>","protected":false},"featured_media":161973,"template":"","meta":{"site-sidebar-layout":"default","site-content-layout":"","ast-site-content-layout":"","site-content-style":"default","site-sidebar-style":"default","ast-global-header-display":"","ast-banner-title-visibility":"","ast-main-header-display":"","ast-hfb-above-header-display":"","ast-hfb-below-header-display":"","ast-hfb-mobile-header-display":"","site-post-title":"","ast-breadcrumbs-content":"","ast-featured-img":"","footer-sml-layout":"","theme-transparent-header-meta":"","adv-header-id-meta":"","stick-header-meta":"","header-above-stick-meta":"","header-main-stick-meta":"","header-below-stick-meta":"","astra-migrate-meta-layouts":""},"product_cat":[1511],"product_tag":[1064],"_links":{"self":[{"href":"https:\/\/pfkeepers.com\/english\/wp-json\/wp\/v2\/product\/161972"}],"collection":[{"href":"https:\/\/pfkeepers.com\/english\/wp-json\/wp\/v2\/product"}],"about":[{"href":"https:\/\/pfkeepers.com\/english\/wp-json\/wp\/v2\/types\/product"}],"wp:featuredmedia":[{"embeddable":true,"href":"https:\/\/pfkeepers.com\/english\/wp-json\/wp\/v2\/media\/161973"}],"wp:attachment":[{"href":"https:\/\/pfkeepers.com\/english\/wp-json\/wp\/v2\/media?parent=161972"}],"wp:term":[{"taxonomy":"product_cat","embeddable":true,"href":"https:\/\/pfkeepers.com\/english\/wp-json\/wp\/v2\/product_cat?post=161972"},{"taxonomy":"product_tag","embeddable":true,"href":"https:\/\/pfkeepers.com\/english\/wp-json\/wp\/v2\/product_tag?post=161972"}],"curies":[{"name":"wp","href":"https:\/\/api.w.org\/{rel}","templated":true}]}}