{"id":159922,"date":"2024-06-03T20:37:46","date_gmt":"2024-06-03T20:37:46","guid":{"rendered":"https:\/\/pfkeepers.com\/produto\/red-cherry-neocaridina-davidi\/"},"modified":"2026-04-19T00:12:31","modified_gmt":"2026-04-19T00:12:31","slug":"red-cherry-neocaridina-davidi","status":"publish","type":"product","link":"https:\/\/pfkeepers.com\/english\/product\/red-cherry-neocaridina-davidi\/","title":{"rendered":"Red Cherry &#8211; Neocaridina davidi"},"content":{"rendered":"<p>Nome comum: Camar\u00e3o Red Cherry\u201d \/ Red Cherry Shrimp<\/p>\n<p>Nome Cient\u00edfico: Neocaridina davidi var. red<\/p>\n<p>Origem: \u00c1sia<\/p>\n<p>Tamanho macho\/f\u00eamea: 2.0 \/ 2.5 cm<\/p>\n<p>Temperatura da \u00e1gua: 22\u00ba &#8211; 28 \u00b0C<\/p>\n<p>Par\u00e2metros da \u00e1gua: pH 6.5 &#8211; 8.0<\/p>\n<p>Taxa de reprodu\u00e7\u00e3o: Muito alta<\/p>\n<p>Comportamento: Pac\u00edfico<\/p>\n<p>Dificuldade: Muito F\u00e1cil<\/p>\n<p>Vis\u00e3o global<\/p>\n<p>O Red Cherry \u00e9 sem d\u00favida o camar\u00e3o ornamental mais popular de todos, devido \u00e0 sua beleza, f\u00e1cil reprodu\u00e7\u00e3o, bem como sua capacidade de viver em v\u00e1rios par\u00e2metros diferentes de \u00e1gua. A maioria dos aficionados por camar\u00e3o come\u00e7a com esta esp\u00e9cie devido aos seus poucos requisitos e tamb\u00e9m para aprender sobre camar\u00f5es an\u00f5es de maneira geral. Depois de adquirir experi\u00eancia no hobby atrav\u00e9s da cria\u00e7\u00e3o do Red Cherry, a maioria dos hobistas cria esp\u00e9cies mais dif\u00edceis, como Tiger e o Red Crystal. Outros nomes para esta esp\u00e9cie s\u00e3o Cherry, Cherry Red ou mesmo camar\u00e3o Cereja, a sigla RCS significa simplesmente Red Cherry Shrimp.<\/p>\n<p>Um camar\u00e3o para iniciantes<\/p>\n<p>Eu recomendo fortemente que todo rec\u00e9m-chegado ao hobby de cria\u00e7\u00e3o de camar\u00e3o de \u00e1gua doce comece com o Red Cherry. Este camar\u00e3o vai lhe ensinar muito, e os erros provocados, inclusive a morte de camar\u00f5es, podem ser superados devido \u00e0 sua grande capacidade de reproduzir. Voc\u00ea tamb\u00e9m n\u00e3o vai querer cometer erros com outras esp\u00e9cies mais caras. Os camar\u00f5es Red Cherry s\u00e3o os camar\u00f5es mais baratos no hobby.<\/p>","protected":false},"excerpt":{"rendered":"<p>Nome comum: Camar\u00e3o Red Cherry\u201d \/ Red Cherry Shrimp Nome Cient\u00edfico: Neocaridina davidi var. red Origem: \u00c1sia Tamanho macho\/f\u00eamea: 2.0 \/ 2.5 cm Temperatura da \u00e1gua: 22\u00ba &#8211; 28 \u00b0C Par\u00e2metros da \u00e1gua: pH 6.5 &#8211; 8.0 Taxa de reprodu\u00e7\u00e3o: Muito alta Comportamento: Pac\u00edfico Dificuldade: Muito F\u00e1cil Vis\u00e3o global O Red Cherry \u00e9 sem d\u00favida &hellip;<\/p>\n<p class=\"read-more\"> <a class=\"\" href=\"https:\/\/pfkeepers.com\/english\/product\/red-cherry-neocaridina-davidi\/\"> <span class=\"screen-reader-text\">Red Cherry &#8211; Neocaridina davidi<\/span> Read More &raquo;<\/a><\/p>","protected":false},"featured_media":159923,"template":"","meta":{"site-sidebar-layout":"default","site-content-layout":"","ast-site-content-layout":"","site-content-style":"default","site-sidebar-style":"default","ast-global-header-display":"","ast-banner-title-visibility":"","ast-main-header-display":"","ast-hfb-above-header-display":"","ast-hfb-below-header-display":"","ast-hfb-mobile-header-display":"","site-post-title":"","ast-breadcrumbs-content":"","ast-featured-img":"","footer-sml-layout":"","theme-transparent-header-meta":"","adv-header-id-meta":"","stick-header-meta":"","header-above-stick-meta":"","header-main-stick-meta":"","header-below-stick-meta":"","astra-migrate-meta-layouts":""},"product_cat":[1368],"product_tag":[],"_links":{"self":[{"href":"https:\/\/pfkeepers.com\/english\/wp-json\/wp\/v2\/product\/159922"}],"collection":[{"href":"https:\/\/pfkeepers.com\/english\/wp-json\/wp\/v2\/product"}],"about":[{"href":"https:\/\/pfkeepers.com\/english\/wp-json\/wp\/v2\/types\/product"}],"wp:featuredmedia":[{"embeddable":true,"href":"https:\/\/pfkeepers.com\/english\/wp-json\/wp\/v2\/media\/159923"}],"wp:attachment":[{"href":"https:\/\/pfkeepers.com\/english\/wp-json\/wp\/v2\/media?parent=159922"}],"wp:term":[{"taxonomy":"product_cat","embeddable":true,"href":"https:\/\/pfkeepers.com\/english\/wp-json\/wp\/v2\/product_cat?post=159922"},{"taxonomy":"product_tag","embeddable":true,"href":"https:\/\/pfkeepers.com\/english\/wp-json\/wp\/v2\/product_tag?post=159922"}],"curies":[{"name":"wp","href":"https:\/\/api.w.org\/{rel}","templated":true}]}}