{"id":138712,"date":"2024-05-15T15:50:24","date_gmt":"2024-05-15T15:50:24","guid":{"rendered":"https:\/\/pfkeepers.com\/produto\/ciano-tartarium-80\/"},"modified":"2026-04-18T03:19:00","modified_gmt":"2026-04-18T03:19:00","slug":"ciano-tartarium-80","status":"publish","type":"product","link":"https:\/\/pfkeepers.com\/english\/product\/ciano-tartarium-80\/","title":{"rendered":"NCF Green Gorila Zoanthids"},"content":{"rendered":"<p>Tartarium \u00e9 um terr\u00e1rio em vidro equipado com apoios e zona seca em pl\u00e1stico de alta qualidade e com acabamento alto brilho. Tem uma tampa em pl\u00e1stico transparente para o descanso da sua tartaruga e para uma \u00f3tima exposi\u00e7\u00e3o ao calor, indispens\u00e1vel para o bem-estar e crescimento do animal.<\/p>\n<p>Com materiais de alta qualidade, o vidro permite uma vis\u00e3o total de todos os movimentos das tartarugas. Com acabamento em pl\u00e1stico branco de alto brilho nos quatro suportes e uma rampa no interior.<\/p>\n<p>Para que a tartaruga possa descansar e aquecer-se, o Tartarium disp\u00f5e de uma zona seca \u00e0 qual a tartaruga facilmente pode aceder atrav\u00e9s da rampa, que pode ser posicionada de tr\u00eas formas diferentes, tendo uma fixa\u00e7\u00e3o f\u00e1cil e harmoniosa. Para evitar que o animal salte, tem uma tampa transparente.<\/p>\n<p>CARACTER\u00cdSTICAS TARTARIUM <\/p>\n<p>Dimens\u00f5es Tartarium 80: 79 x 29,7 x 24,5 cm.<br \/>\nINCLUI:<br \/>\nTartarium 80: 2 rampas em pl\u00e1stico de alta qualidade.<\/p>","protected":false},"excerpt":{"rendered":"<p>Tartarium \u00e9 um terr\u00e1rio em vidro equipado com apoios e zona seca em pl\u00e1stico de alta qualidade e com acabamento alto brilho. Tem uma tampa em pl\u00e1stico transparente para o descanso da sua tartaruga e para uma \u00f3tima exposi\u00e7\u00e3o ao calor, indispens\u00e1vel para o bem-estar e crescimento do animal. Com materiais de alta qualidade, o &hellip;<\/p>\n<p class=\"read-more\"> <a class=\"\" href=\"https:\/\/pfkeepers.com\/english\/product\/ciano-tartarium-80\/\"> <span class=\"screen-reader-text\">NCF Green Gorila Zoanthids<\/span> Read More &raquo;<\/a><\/p>","protected":false},"featured_media":138713,"template":"","meta":{"site-sidebar-layout":"default","site-content-layout":"","ast-site-content-layout":"","site-content-style":"default","site-sidebar-style":"default","ast-global-header-display":"","ast-banner-title-visibility":"","ast-main-header-display":"","ast-hfb-above-header-display":"","ast-hfb-below-header-display":"","ast-hfb-mobile-header-display":"","site-post-title":"","ast-breadcrumbs-content":"","ast-featured-img":"","footer-sml-layout":"","theme-transparent-header-meta":"","adv-header-id-meta":"","stick-header-meta":"","header-above-stick-meta":"","header-main-stick-meta":"","header-below-stick-meta":"","astra-migrate-meta-layouts":""},"product_cat":[1518],"product_tag":[825],"_links":{"self":[{"href":"https:\/\/pfkeepers.com\/english\/wp-json\/wp\/v2\/product\/138712"}],"collection":[{"href":"https:\/\/pfkeepers.com\/english\/wp-json\/wp\/v2\/product"}],"about":[{"href":"https:\/\/pfkeepers.com\/english\/wp-json\/wp\/v2\/types\/product"}],"wp:featuredmedia":[{"embeddable":true,"href":"https:\/\/pfkeepers.com\/english\/wp-json\/wp\/v2\/media\/138713"}],"wp:attachment":[{"href":"https:\/\/pfkeepers.com\/english\/wp-json\/wp\/v2\/media?parent=138712"}],"wp:term":[{"taxonomy":"product_cat","embeddable":true,"href":"https:\/\/pfkeepers.com\/english\/wp-json\/wp\/v2\/product_cat?post=138712"},{"taxonomy":"product_tag","embeddable":true,"href":"https:\/\/pfkeepers.com\/english\/wp-json\/wp\/v2\/product_tag?post=138712"}],"curies":[{"name":"wp","href":"https:\/\/api.w.org\/{rel}","templated":true}]}}