{"id":138707,"date":"2024-05-15T15:50:05","date_gmt":"2024-05-15T15:50:05","guid":{"rendered":"https:\/\/pfkeepers.com\/produto\/eheim-play-1000-5100010\/"},"modified":"2026-04-19T00:31:53","modified_gmt":"2026-04-19T00:31:53","slug":"eheim-play-1000-5100010","status":"publish","type":"product","link":"https:\/\/pfkeepers.com\/english\/product\/eheim-play-1000-5100010\/","title":{"rendered":"Eheim Play 1000 (5100010)"},"content":{"rendered":"<p>Nova bomba de \u00e1gua especialmente concebida para lagos da marca alem\u00e3 EHEIM.<\/p>\n<p>Cont\u00e9m dois tipos de boquilhas de sa\u00edda de \u00e1gua.<\/p>\n<p>A sa\u00edda de \u00e1gua \u00e9 ajust\u00e1vel para diversos tipos de lagos ou fontes.<\/p>\n<p>De f\u00e1cil manuten\u00e7\u00e3o e limpeza.<\/p>\n<p>Com prote\u00e7\u00e3o para o sobreaquecimento quando o n\u00edvel da \u00e1gua est\u00e1 mais baixo.<\/p>\n<p>Dimens\u00f5es compactas.<\/p>\n<p>Baixo consumo de energia.<\/p>\n<p>EHEIM Play 1000<\/p>\n<p>Sa\u00edda l\/h: 1000<\/p>\n<p>Altura de sa\u00edda m\u00e1xima: 1,20<\/p>\n<p>Press\u00e3o: 120 mbar<\/p>\n<p>Pot\u00eancia: 9 W<\/p>\n<p>Dimens\u00f5es: 143 x 101 x 109 mm<\/p>\n<p>Cabo: 10 m<\/p>\n<p>Corrente: 220\u2013240 \/ 50 V\/Hz<\/p>","protected":false},"excerpt":{"rendered":"<p>Nova bomba de \u00e1gua especialmente concebida para lagos da marca alem\u00e3 EHEIM. Cont\u00e9m dois tipos de boquilhas de sa\u00edda de \u00e1gua. A sa\u00edda de \u00e1gua \u00e9 ajust\u00e1vel para diversos tipos de lagos ou fontes. De f\u00e1cil manuten\u00e7\u00e3o e limpeza. Com prote\u00e7\u00e3o para o sobreaquecimento quando o n\u00edvel da \u00e1gua est\u00e1 mais baixo. Dimens\u00f5es compactas. Baixo &hellip;<\/p>\n<p class=\"read-more\"> <a class=\"\" href=\"https:\/\/pfkeepers.com\/english\/product\/eheim-play-1000-5100010\/\"> <span class=\"screen-reader-text\">Eheim Play 1000 (5100010)<\/span> Read More &raquo;<\/a><\/p>","protected":false},"featured_media":138708,"template":"","meta":{"site-sidebar-layout":"default","site-content-layout":"","ast-site-content-layout":"","site-content-style":"default","site-sidebar-style":"default","ast-global-header-display":"","ast-banner-title-visibility":"","ast-main-header-display":"","ast-hfb-above-header-display":"","ast-hfb-below-header-display":"","ast-hfb-mobile-header-display":"","site-post-title":"","ast-breadcrumbs-content":"","ast-featured-img":"","footer-sml-layout":"","theme-transparent-header-meta":"","adv-header-id-meta":"","stick-header-meta":"","header-above-stick-meta":"","header-main-stick-meta":"","header-below-stick-meta":"","astra-migrate-meta-layouts":""},"product_cat":[1462],"product_tag":[852],"_links":{"self":[{"href":"https:\/\/pfkeepers.com\/english\/wp-json\/wp\/v2\/product\/138707"}],"collection":[{"href":"https:\/\/pfkeepers.com\/english\/wp-json\/wp\/v2\/product"}],"about":[{"href":"https:\/\/pfkeepers.com\/english\/wp-json\/wp\/v2\/types\/product"}],"wp:featuredmedia":[{"embeddable":true,"href":"https:\/\/pfkeepers.com\/english\/wp-json\/wp\/v2\/media\/138708"}],"wp:attachment":[{"href":"https:\/\/pfkeepers.com\/english\/wp-json\/wp\/v2\/media?parent=138707"}],"wp:term":[{"taxonomy":"product_cat","embeddable":true,"href":"https:\/\/pfkeepers.com\/english\/wp-json\/wp\/v2\/product_cat?post=138707"},{"taxonomy":"product_tag","embeddable":true,"href":"https:\/\/pfkeepers.com\/english\/wp-json\/wp\/v2\/product_tag?post=138707"}],"curies":[{"name":"wp","href":"https:\/\/api.w.org\/{rel}","templated":true}]}}