{"id":138701,"date":"2024-05-15T15:49:12","date_gmt":"2024-05-15T15:49:12","guid":{"rendered":"https:\/\/pfkeepers.com\/produto\/aquaconnect-nitra-remove-12-600g-500ml\/"},"modified":"2026-04-19T00:31:29","modified_gmt":"2026-04-19T00:31:29","slug":"aquaconnect-nitra-remove-12-600g-500ml","status":"publish","type":"product","link":"https:\/\/pfkeepers.com\/english\/product\/aquaconnect-nitra-remove-12-600g-500ml\/","title":{"rendered":"Aquaconnect Nitra Remove 1+2 600g\/500ml"},"content":{"rendered":"<p>Coloque o NITRA remove 1 granulado em seu filtro ou meia e inicie a dosagem do NITRA remove 2.<\/p>\n<p>Dosagem:<\/p>\n<p>1 ml de NITRA remove2 por 100L de \u00e1gua.<\/p>\n<p>Para dosar um aqu\u00e1rio muito carregado, a dose pode ser aumentada a cada 3 dias at\u00e9 come\u00e7ar a turbidez. Em seguida, pare a dosagem at\u00e9 que a \u00e1gua fique limpa novamente.<\/p>","protected":false},"excerpt":{"rendered":"<p>Coloque o NITRA remove 1 granulado em seu filtro ou meia e inicie a dosagem do NITRA remove 2. Dosagem: 1 ml de NITRA remove2 por 100L de \u00e1gua. Para dosar um aqu\u00e1rio muito carregado, a dose pode ser aumentada a cada 3 dias at\u00e9 come\u00e7ar a turbidez. Em seguida, pare a dosagem at\u00e9 que &hellip;<\/p>\n<p class=\"read-more\"> <a class=\"\" href=\"https:\/\/pfkeepers.com\/english\/product\/aquaconnect-nitra-remove-12-600g-500ml\/\"> <span class=\"screen-reader-text\">Aquaconnect Nitra Remove 1+2 600g\/500ml<\/span> Read More &raquo;<\/a><\/p>","protected":false},"featured_media":138702,"template":"","meta":{"site-sidebar-layout":"default","site-content-layout":"","ast-site-content-layout":"default","site-content-style":"default","site-sidebar-style":"default","ast-global-header-display":"","ast-banner-title-visibility":"","ast-main-header-display":"","ast-hfb-above-header-display":"","ast-hfb-below-header-display":"","ast-hfb-mobile-header-display":"","site-post-title":"","ast-breadcrumbs-content":"","ast-featured-img":"","footer-sml-layout":"","theme-transparent-header-meta":"default","adv-header-id-meta":"","stick-header-meta":"","header-above-stick-meta":"","header-main-stick-meta":"","header-below-stick-meta":"","astra-migrate-meta-layouts":"set"},"product_cat":[1485],"product_tag":[765],"_links":{"self":[{"href":"https:\/\/pfkeepers.com\/english\/wp-json\/wp\/v2\/product\/138701"}],"collection":[{"href":"https:\/\/pfkeepers.com\/english\/wp-json\/wp\/v2\/product"}],"about":[{"href":"https:\/\/pfkeepers.com\/english\/wp-json\/wp\/v2\/types\/product"}],"wp:featuredmedia":[{"embeddable":true,"href":"https:\/\/pfkeepers.com\/english\/wp-json\/wp\/v2\/media\/138702"}],"wp:attachment":[{"href":"https:\/\/pfkeepers.com\/english\/wp-json\/wp\/v2\/media?parent=138701"}],"wp:term":[{"taxonomy":"product_cat","embeddable":true,"href":"https:\/\/pfkeepers.com\/english\/wp-json\/wp\/v2\/product_cat?post=138701"},{"taxonomy":"product_tag","embeddable":true,"href":"https:\/\/pfkeepers.com\/english\/wp-json\/wp\/v2\/product_tag?post=138701"}],"curies":[{"name":"wp","href":"https:\/\/api.w.org\/{rel}","templated":true}]}}