{"id":132622,"date":"2024-05-08T23:17:39","date_gmt":"2024-05-08T23:17:39","guid":{"rendered":"https:\/\/pfkeepers.com\/produto\/escalar-zebra-pterophyllum-scalare\/"},"modified":"2026-04-19T00:31:05","modified_gmt":"2026-04-19T00:31:05","slug":"escalar-zebra-pterophyllum-scalare","status":"publish","type":"product","link":"https:\/\/pfkeepers.com\/english\/product\/escalar-zebra-pterophyllum-scalare\/","title":{"rendered":"Escalar Zebra &#8211; Pterophyllum scalare"},"content":{"rendered":"<p>Pterophyllum scalare \u00e9 um pequeno grupo de peixes de \u00e1gua doce conhecidos popularmente como Acar\u00e1-Bandeira. S\u00e3o provenientes da Amaz\u00f4nia e facilmente encontrados nos leitos dos rios da regi\u00e3o, bem como na Am\u00e9rica do Sul. Pertencem \u00e0 fam\u00edlia dos Ciclideos e s\u00e3o esp\u00e9cies ornamentais.<\/p>\n<p>Caracter\u00edsticas e comportamento<\/p>\n<p>Possuem o corpo lateralmente achatado, com barbatana dorsal e anal relativamente grande. Podem chegar a 15 cent\u00edmetros, sendo que os machos s\u00e3o maiores que as f\u00eameas. S\u00e3o esp\u00e9cies ornamentais e em seu habitat natural alimentam-se de pequenos insetos e peixes que vivem nos rios, mas em cativeiro podem ser alimentados com ra\u00e7\u00f5es \u00e0 base de larvas de mosquito e artemia salina. Desenvolvem-se principalmente em lagoas com abundante vegeta\u00e7\u00e3o aqu\u00e1tica.<\/p>\n<p>Na natureza s\u00e3o encontrados em cardumes, por isso devem ser mantidos em grupos de pelo menos cinco indiv\u00edduos. \u00c9 muito dif\u00edcil conseguir identificar seu dimorfismo sexual, sendo a \u00fanica maneira de ter a certeza \u00e9 durante a postura, quando os \u00f3rg\u00e3os sexuais ficam vis\u00edveis. As f\u00eameas t\u00eam o ovopositor largo e virado para tr\u00e1s e os machos t\u00eam o espermoderme fino e virado para frente. S\u00e3o esp\u00e9cies ov\u00edparas e sua reprodu\u00e7\u00e3o ocorrem com certa facilidade em cativeiro. S\u00e3o peixes consideravelmente pac\u00edficos, mas podem tornar-se agressivo com outros peixes para defender seu territ\u00f3rio, inclusive com os da sua esp\u00e9cie.<\/p>","protected":false},"excerpt":{"rendered":"<p>Pterophyllum scalare \u00e9 um pequeno grupo de peixes de \u00e1gua doce conhecidos popularmente como Acar\u00e1-Bandeira. S\u00e3o provenientes da Amaz\u00f4nia e facilmente encontrados nos leitos dos rios da regi\u00e3o, bem como na Am\u00e9rica do Sul. Pertencem \u00e0 fam\u00edlia dos Ciclideos e s\u00e3o esp\u00e9cies ornamentais. Caracter\u00edsticas e comportamento Possuem o corpo lateralmente achatado, com barbatana dorsal e &hellip;<\/p>\n<p class=\"read-more\"> <a class=\"\" href=\"https:\/\/pfkeepers.com\/english\/product\/escalar-zebra-pterophyllum-scalare\/\"> <span class=\"screen-reader-text\">Escalar Zebra &#8211; Pterophyllum scalare<\/span> Read More &raquo;<\/a><\/p>","protected":false},"featured_media":132623,"template":"","meta":{"site-sidebar-layout":"default","site-content-layout":"","ast-site-content-layout":"","site-content-style":"default","site-sidebar-style":"default","ast-global-header-display":"","ast-banner-title-visibility":"","ast-main-header-display":"","ast-hfb-above-header-display":"","ast-hfb-below-header-display":"","ast-hfb-mobile-header-display":"","site-post-title":"","ast-breadcrumbs-content":"","ast-featured-img":"","footer-sml-layout":"","theme-transparent-header-meta":"","adv-header-id-meta":"","stick-header-meta":"","header-above-stick-meta":"","header-main-stick-meta":"","header-below-stick-meta":"","astra-migrate-meta-layouts":""},"product_cat":[1354],"product_tag":[],"_links":{"self":[{"href":"https:\/\/pfkeepers.com\/english\/wp-json\/wp\/v2\/product\/132622"}],"collection":[{"href":"https:\/\/pfkeepers.com\/english\/wp-json\/wp\/v2\/product"}],"about":[{"href":"https:\/\/pfkeepers.com\/english\/wp-json\/wp\/v2\/types\/product"}],"wp:featuredmedia":[{"embeddable":true,"href":"https:\/\/pfkeepers.com\/english\/wp-json\/wp\/v2\/media\/132623"}],"wp:attachment":[{"href":"https:\/\/pfkeepers.com\/english\/wp-json\/wp\/v2\/media?parent=132622"}],"wp:term":[{"taxonomy":"product_cat","embeddable":true,"href":"https:\/\/pfkeepers.com\/english\/wp-json\/wp\/v2\/product_cat?post=132622"},{"taxonomy":"product_tag","embeddable":true,"href":"https:\/\/pfkeepers.com\/english\/wp-json\/wp\/v2\/product_tag?post=132622"}],"curies":[{"name":"wp","href":"https:\/\/api.w.org\/{rel}","templated":true}]}}