{"id":124560,"date":"2024-05-05T01:03:08","date_gmt":"2024-05-05T01:03:08","guid":{"rendered":"https:\/\/pfkeepers.com\/produto\/raffles-butterfly-chaetodon-rafflesii\/"},"modified":"2026-04-19T00:30:30","modified_gmt":"2026-04-19T00:30:30","slug":"raffles-butterfly-chaetodon-rafflesii","status":"publish","type":"product","link":"https:\/\/pfkeepers.com\/english\/product\/raffles-butterfly-chaetodon-rafflesii\/","title":{"rendered":"Raffles Butterfly &#8211; Chaetodon rafflesii"},"content":{"rendered":"<p>Cuidados N\u00edvel : Moderado<\/p>\n<p>Temperamento : Pac\u00edfico<\/p>\n<p>Reef Compat\u00edvel : N\u00e3o<\/p>\n<p>Condi\u00e7\u00f5es da \u00e1gua : 23-26 \u00b0 C, dKH 8-12, pH 8,1-8,4, den 1,020-1,025<\/p>\n<p>Max. Tamanho : 15cm<\/p>\n<p>Cor : Preto, Amarelo<\/p>\n<p>Dieta : Omn\u00edvoro<\/p>\n<p>Origem : Australia, Indon\u00e9sia, Pacifico<\/p>\n<p>Fam\u00edlia : Chaetodontidae<\/p>\n<p>Tamanho m\u00ednimo Tanque : 400 Litros<\/p>\n<p>O peixe-borboleta de treli\u00e7a, tamb\u00e9m conhecido como peixe-borboleta do Raffle, \u00e9 amarelo com margens de escamas escuras, dando uma apar\u00eancia de treli\u00e7a. Tem uma faixa preta nos olhos e uma mancha azul entre os olhos; a cauda tem uma faixa vertical preta.<\/p>\n<p>Requer um aqu\u00e1rio de 400L ou maior que tenha v\u00e1rios esconderijos e membros pac\u00edficos da comunidade. Este n\u00e3o \u00e9 um Buterflyfish seguro para recifes. Na natureza, ele ataca corais duros e moles, zoant\u00eddeos e\/ou an\u00eamonas. Se o peixe estiver dormindo ou estressado, ficar\u00e1 com uma mancha escura na frente do corpo. Eles podem viver em casal, desde que sejam introduzidos simultaneamente.<br \/>\nO peixe-borboleta treli\u00e7ado se alimentar\u00e1 de frutos do mar picados. Esses peixes devem ser mantidos em um aqu\u00e1rio bem administrado, onde possam \u201cpastorear\u201d algas de rochas e pedras.<\/p>\n<p>Se houver algas insuficientes nas rochas, \u00e9 importante alimentar com mais frequ\u00eancia e complementar com alimentos ricos em algas, por exemplo. Espirulina.<\/p>","protected":false},"excerpt":{"rendered":"<p>Cuidados N\u00edvel : Moderado Temperamento : Pac\u00edfico Reef Compat\u00edvel : N\u00e3o Condi\u00e7\u00f5es da \u00e1gua : 23-26 \u00b0 C, dKH 8-12, pH 8,1-8,4, den 1,020-1,025 Max. Tamanho : 15cm Cor : Preto, Amarelo Dieta : Omn\u00edvoro Origem : Australia, Indon\u00e9sia, Pacifico Fam\u00edlia : Chaetodontidae Tamanho m\u00ednimo Tanque : 400 Litros O peixe-borboleta de treli\u00e7a, tamb\u00e9m conhecido &hellip;<\/p>\n<p class=\"read-more\"> <a class=\"\" href=\"https:\/\/pfkeepers.com\/english\/product\/raffles-butterfly-chaetodon-rafflesii\/\"> <span class=\"screen-reader-text\">Raffles Butterfly &#8211; Chaetodon rafflesii<\/span> Read More &raquo;<\/a><\/p>","protected":false},"featured_media":124561,"template":"","meta":{"site-sidebar-layout":"default","site-content-layout":"","ast-site-content-layout":"","site-content-style":"default","site-sidebar-style":"default","ast-global-header-display":"","ast-banner-title-visibility":"","ast-main-header-display":"","ast-hfb-above-header-display":"","ast-hfb-below-header-display":"","ast-hfb-mobile-header-display":"","site-post-title":"","ast-breadcrumbs-content":"","ast-featured-img":"","footer-sml-layout":"","theme-transparent-header-meta":"","adv-header-id-meta":"","stick-header-meta":"","header-above-stick-meta":"","header-main-stick-meta":"","header-below-stick-meta":"","astra-migrate-meta-layouts":""},"product_cat":[1355],"product_tag":[],"_links":{"self":[{"href":"https:\/\/pfkeepers.com\/english\/wp-json\/wp\/v2\/product\/124560"}],"collection":[{"href":"https:\/\/pfkeepers.com\/english\/wp-json\/wp\/v2\/product"}],"about":[{"href":"https:\/\/pfkeepers.com\/english\/wp-json\/wp\/v2\/types\/product"}],"wp:featuredmedia":[{"embeddable":true,"href":"https:\/\/pfkeepers.com\/english\/wp-json\/wp\/v2\/media\/124561"}],"wp:attachment":[{"href":"https:\/\/pfkeepers.com\/english\/wp-json\/wp\/v2\/media?parent=124560"}],"wp:term":[{"taxonomy":"product_cat","embeddable":true,"href":"https:\/\/pfkeepers.com\/english\/wp-json\/wp\/v2\/product_cat?post=124560"},{"taxonomy":"product_tag","embeddable":true,"href":"https:\/\/pfkeepers.com\/english\/wp-json\/wp\/v2\/product_tag?post=124560"}],"curies":[{"name":"wp","href":"https:\/\/api.w.org\/{rel}","templated":true}]}}